{"id":2722,"date":"2024-10-16T08:56:53","date_gmt":"2024-10-16T05:56:53","guid":{"rendered":"https:\/\/rubbersan.com.tr\/es\/?page_id=2722"},"modified":"2025-11-13T00:20:15","modified_gmt":"2025-11-12T21:20:15","slug":"sobre-nosotros","status":"publish","type":"page","link":"https:\/\/www.rubbersan.com.tr\/es\/sobre-nosotros\/","title":{"rendered":"Sobre Nosotros"},"content":{"rendered":"\t\t<div data-elementor-type=\"wp-page\" data-elementor-id=\"2722\" class=\"elementor elementor-2722\">\n\t\t\t\t\t\t<section class=\"elementor-section elementor-top-section elementor-element elementor-element-1418788 elementor-section-boxed elementor-section-height-default elementor-section-height-default wd-section-disabled\" data-id=\"1418788\" data-element_type=\"section\">\n\t\t\t\t\t\t<div class=\"elementor-container elementor-column-gap-default\">\n\t\t\t\t\t<div class=\"elementor-column elementor-col-100 elementor-top-column elementor-element elementor-element-e6a04cf\" data-id=\"e6a04cf\" data-element_type=\"column\">\n\t\t\t<div class=\"elementor-widget-wrap elementor-element-populated\">\n\t\t\t\t\t\t<div class=\"elementor-element elementor-element-f5497a0 elementor-widget elementor-widget-wd_title\" data-id=\"f5497a0\" data-element_type=\"widget\" data-widget_type=\"wd_title.default\">\n\t\t\t\t<div class=\"elementor-widget-container\">\n\t\t\t\t\t\t\t\t<link rel=\"stylesheet\" id=\"wd-section-title-css\" href=\"https:\/\/www.rubbersan.com.tr\/es\/wp-content\/themes\/woodmart\/css\/parts\/el-section-title.min.css?ver=7.0.4\" type=\"text\/css\" media=\"all\" \/> \t\t\t\t\t<div class=\"title-wrapper set-mb-s reset-last-child wd-title-color-default wd-title-style-bordered wd-title-size-default text-center\">\n\n\t\t\t\n\t\t\t<div class=\"liner-continer\">\n\t\t\t\t<h4 class=\"woodmart-title-container title wd-fontsize-l\">Sobre Nosotros<\/h4> \n\t\t\t\t\t\t\t<\/div>\n\n\t\t\t\t\t<\/div>\n\t\t\t\t\t\t<\/div>\n\t\t\t\t<\/div>\n\t\t\t\t<section class=\"elementor-section elementor-inner-section elementor-element elementor-element-9afa071 elementor-section-boxed elementor-section-height-default elementor-section-height-default wd-section-disabled\" data-id=\"9afa071\" data-element_type=\"section\">\n\t\t\t\t\t\t<div class=\"elementor-container elementor-column-gap-default\">\n\t\t\t\t\t<div class=\"elementor-column elementor-col-50 elementor-inner-column elementor-element elementor-element-ac7b7d8\" data-id=\"ac7b7d8\" data-element_type=\"column\">\n\t\t\t<div class=\"elementor-widget-wrap elementor-element-populated\">\n\t\t\t\t\t\t<div class=\"elementor-element elementor-element-75ec7e8 elementor-widget elementor-widget-image\" data-id=\"75ec7e8\" data-element_type=\"widget\" data-widget_type=\"image.default\">\n\t\t\t\t<div class=\"elementor-widget-container\">\n\t\t\t\t\t\t\t\t\t\t\t\t\t\t\t<img fetchpriority=\"high\" decoding=\"async\" width=\"800\" height=\"600\" src=\"https:\/\/www.rubbersan.com.tr\/es\/wp-content\/uploads\/hakkimizda.jpg\" class=\"attachment-full size-full wp-image-3480\" alt=\"\" srcset=\"https:\/\/www.rubbersan.com.tr\/es\/wp-content\/uploads\/hakkimizda.jpg 800w, https:\/\/www.rubbersan.com.tr\/es\/wp-content\/uploads\/hakkimizda-300x225.jpg 300w, https:\/\/www.rubbersan.com.tr\/es\/wp-content\/uploads\/hakkimizda-768x576.jpg 768w\" sizes=\"(max-width: 800px) 100vw, 800px\" \/>\t\t\t\t\t\t\t\t\t\t\t\t\t\t\t<\/div>\n\t\t\t\t<\/div>\n\t\t\t\t\t<\/div>\n\t\t<\/div>\n\t\t\t\t<div class=\"elementor-column elementor-col-50 elementor-inner-column elementor-element elementor-element-242bfdf\" data-id=\"242bfdf\" data-element_type=\"column\">\n\t\t\t<div class=\"elementor-widget-wrap elementor-element-populated\">\n\t\t\t\t\t\t<div class=\"elementor-element elementor-element-00553ca elementor-widget elementor-widget-wd_text_block\" data-id=\"00553ca\" data-element_type=\"widget\" data-widget_type=\"wd_text_block.default\">\n\t\t\t\t<div class=\"elementor-widget-container\">\n\t\t\t\t\t\t\t\t<link rel=\"stylesheet\" id=\"wd-text-block-css\" href=\"https:\/\/www.rubbersan.com.tr\/es\/wp-content\/themes\/woodmart\/css\/parts\/el-text-block.min.css?ver=7.0.4\" type=\"text\/css\" media=\"all\" \/> \t\t\t\t\t<div class=\"wd-text-block reset-last-child text-left\">\n\t\t\t\n\t\t\t<p>Rubbersan es pionera en la producci\u00f3n de productos de caucho y silicona de alta calidad. Con a\u00f1os de experiencia y especializaci\u00f3n, fabricamos amortiguadores de vibraci\u00f3n, l\u00e1minas de caucho, mangueras de silicona, perfiles de caucho para defensas y muchos otros productos industriales. Como fabricante l\u00edder en Turqu\u00eda, ofrecemos soluciones especializadas para todo tipo de industrias.<\/p>\n<p>Nuestra visi\u00f3n es satisfacer las necesidades de la industria ofreciendo productos de alta calidad, duraderos y confiables. Nuestra misi\u00f3n es mejorar continuamente nuestros productos mediante la innovaci\u00f3n y el desarrollo constante, priorizando la satisfacci\u00f3n del cliente.<\/p>\n<p>\u00c1reas de actividad:<\/p>\n<p>Producci\u00f3n de productos de caucho: Fabricamos amortiguadores de vibraci\u00f3n, l\u00e1minas de caucho, perfiles de caucho para defensas y muchos otros productos industriales a partir de materiales EPDM, SBR y neopreno. Nuestros productos cumplen diversas funciones, como la reducci\u00f3n de vibraciones, el sellado y la durabilidad.<\/p>\n<p>Productos de silicona: Nuestros diversos productos de silicona, como mangueras, l\u00e1minas y l\u00e1minas, ofrecen las soluciones m\u00e1s adecuadas para sus necesidades industriales gracias a su resistencia a altas temperaturas y su larga vida \u00fatil. Dise\u00f1o de productos a medida: Dise\u00f1amos y fabricamos productos de caucho y silicona en tama\u00f1os personalizados seg\u00fan las necesidades de nuestros clientes. Fortalecemos nuestra posici\u00f3n competitiva en el sector ofreciendo soluciones para todas las necesidades industriales.<\/p>\n<p>En Rubbersan, nuestro objetivo es lograr la satisfacci\u00f3n y la confianza de nuestros clientes utilizando siempre materiales de la m\u00e1s alta calidad. Nuestros productos son de alto rendimiento, duraderos y ecol\u00f3gicos, aptos para todo tipo de aplicaciones industriales.<\/p>\n<p>Al elegirnos, sentir\u00e1 que trabaja no solo con un proveedor, sino con un socio estrat\u00e9gico. \u00a1En Rubbersan, siempre estamos a su disposici\u00f3n para brindarle soluciones industriales!<\/p>\n\n\t\t\t\t\t<\/div>\n\t\t\t\t\t\t<\/div>\n\t\t\t\t<\/div>\n\t\t\t\t\t<\/div>\n\t\t<\/div>\n\t\t\t\t\t<\/div>\n\t\t<\/section>\n\t\t\t\t\t<\/div>\n\t\t<\/div>\n\t\t\t\t\t<\/div>\n\t\t<\/section>\n\t\t\t\t<\/div>\n\t\t","protected":false},"excerpt":{"rendered":"<p>Sobre Nosotros Rubbersan es pionera en la producci\u00f3n de productos de caucho y silicona de alta calidad. Con a\u00f1os de<\/p>\n","protected":false},"author":1,"featured_media":0,"parent":0,"menu_order":0,"comment_status":"closed","ping_status":"closed","template":"","meta":{"_acf_changed":false,"footnotes":""},"class_list":["post-2722","page","type-page","status-publish","hentry"],"acf":[],"yoast_head":"<!-- This site is optimized with the Yoast SEO plugin v26.9 - https:\/\/yoast.com\/product\/yoast-seo-wordpress\/ -->\n<title>Sobre Nosotros | Rubbersan<\/title>\n<meta name=\"robots\" content=\"index, follow, max-snippet:-1, max-image-preview:large, max-video-preview:-1\" \/>\n<link rel=\"canonical\" href=\"https:\/\/www.rubbersan.com.tr\/es\/sobre-nosotros\/\" \/>\n<meta property=\"og:locale\" content=\"es_ES\" \/>\n<meta property=\"og:type\" content=\"article\" \/>\n<meta property=\"og:title\" content=\"Sobre Nosotros | Rubbersan\" \/>\n<meta property=\"og:description\" content=\"Sobre Nosotros Rubbersan es pionera en la producci\u00f3n de productos de caucho y silicona de alta calidad. Con a\u00f1os de\" \/>\n<meta property=\"og:url\" content=\"https:\/\/www.rubbersan.com.tr\/es\/sobre-nosotros\/\" \/>\n<meta property=\"og:site_name\" content=\"Rubbersan\" \/>\n<meta property=\"article:modified_time\" content=\"2025-11-12T21:20:15+00:00\" \/>\n<meta name=\"twitter:card\" content=\"summary_large_image\" \/>\n<meta name=\"twitter:label1\" content=\"Tiempo de lectura\" \/>\n\t<meta name=\"twitter:data1\" content=\"2 minutos\" \/>\n<script type=\"application\/ld+json\" class=\"yoast-schema-graph\">{\"@context\":\"https:\/\/schema.org\",\"@graph\":[{\"@type\":\"WebPage\",\"@id\":\"https:\/\/www.rubbersan.com.tr\/es\/sobre-nosotros\/\",\"url\":\"https:\/\/www.rubbersan.com.tr\/es\/sobre-nosotros\/\",\"name\":\"Sobre Nosotros | Rubbersan\",\"isPartOf\":{\"@id\":\"https:\/\/www.rubbersan.com.tr\/es\/#website\"},\"datePublished\":\"2024-10-16T05:56:53+00:00\",\"dateModified\":\"2025-11-12T21:20:15+00:00\",\"breadcrumb\":{\"@id\":\"https:\/\/www.rubbersan.com.tr\/es\/sobre-nosotros\/#breadcrumb\"},\"inLanguage\":\"es\",\"potentialAction\":[{\"@type\":\"ReadAction\",\"target\":[\"https:\/\/www.rubbersan.com.tr\/es\/sobre-nosotros\/\"]}]},{\"@type\":\"BreadcrumbList\",\"@id\":\"https:\/\/www.rubbersan.com.tr\/es\/sobre-nosotros\/#breadcrumb\",\"itemListElement\":[{\"@type\":\"ListItem\",\"position\":1,\"name\":\"P\u00e1gina principal\",\"item\":\"https:\/\/www.rubbersan.com.tr\/es\/\"},{\"@type\":\"ListItem\",\"position\":2,\"name\":\"Sobre Nosotros\"}]},{\"@type\":\"WebSite\",\"@id\":\"https:\/\/www.rubbersan.com.tr\/es\/#website\",\"url\":\"https:\/\/www.rubbersan.com.tr\/es\/\",\"name\":\"Wordpress Demo\",\"description\":\"Rubbersan\",\"publisher\":{\"@id\":\"https:\/\/www.rubbersan.com.tr\/es\/#organization\"},\"alternateName\":\"Wordpress Demo\",\"potentialAction\":[{\"@type\":\"SearchAction\",\"target\":{\"@type\":\"EntryPoint\",\"urlTemplate\":\"https:\/\/www.rubbersan.com.tr\/es\/?s={search_term_string}\"},\"query-input\":{\"@type\":\"PropertyValueSpecification\",\"valueRequired\":true,\"valueName\":\"search_term_string\"}}],\"inLanguage\":\"es\"},{\"@type\":\"Organization\",\"@id\":\"https:\/\/www.rubbersan.com.tr\/es\/#organization\",\"name\":\"Wordpress Demo\",\"alternateName\":\"Wordpress Demo\",\"url\":\"https:\/\/www.rubbersan.com.tr\/es\/\",\"logo\":{\"@type\":\"ImageObject\",\"inLanguage\":\"es\",\"@id\":\"https:\/\/www.rubbersan.com.tr\/es\/#\/schema\/logo\/image\/\",\"url\":\"\",\"contentUrl\":\"\",\"caption\":\"Wordpress Demo\"},\"image\":{\"@id\":\"https:\/\/www.rubbersan.com.tr\/es\/#\/schema\/logo\/image\/\"},\"sameAs\":[\"https:\/\/www.instagram.com\/cagmedya\/\"]}]}<\/script>\n<!-- \/ Yoast SEO plugin. -->","yoast_head_json":{"title":"Sobre Nosotros | Rubbersan","robots":{"index":"index","follow":"follow","max-snippet":"max-snippet:-1","max-image-preview":"max-image-preview:large","max-video-preview":"max-video-preview:-1"},"canonical":"https:\/\/www.rubbersan.com.tr\/es\/sobre-nosotros\/","og_locale":"es_ES","og_type":"article","og_title":"Sobre Nosotros | Rubbersan","og_description":"Sobre Nosotros Rubbersan es pionera en la producci\u00f3n de productos de caucho y silicona de alta calidad. Con a\u00f1os de","og_url":"https:\/\/www.rubbersan.com.tr\/es\/sobre-nosotros\/","og_site_name":"Rubbersan","article_modified_time":"2025-11-12T21:20:15+00:00","twitter_card":"summary_large_image","twitter_misc":{"Tiempo de lectura":"2 minutos"},"schema":{"@context":"https:\/\/schema.org","@graph":[{"@type":"WebPage","@id":"https:\/\/www.rubbersan.com.tr\/es\/sobre-nosotros\/","url":"https:\/\/www.rubbersan.com.tr\/es\/sobre-nosotros\/","name":"Sobre Nosotros | Rubbersan","isPartOf":{"@id":"https:\/\/www.rubbersan.com.tr\/es\/#website"},"datePublished":"2024-10-16T05:56:53+00:00","dateModified":"2025-11-12T21:20:15+00:00","breadcrumb":{"@id":"https:\/\/www.rubbersan.com.tr\/es\/sobre-nosotros\/#breadcrumb"},"inLanguage":"es","potentialAction":[{"@type":"ReadAction","target":["https:\/\/www.rubbersan.com.tr\/es\/sobre-nosotros\/"]}]},{"@type":"BreadcrumbList","@id":"https:\/\/www.rubbersan.com.tr\/es\/sobre-nosotros\/#breadcrumb","itemListElement":[{"@type":"ListItem","position":1,"name":"P\u00e1gina principal","item":"https:\/\/www.rubbersan.com.tr\/es\/"},{"@type":"ListItem","position":2,"name":"Sobre Nosotros"}]},{"@type":"WebSite","@id":"https:\/\/www.rubbersan.com.tr\/es\/#website","url":"https:\/\/www.rubbersan.com.tr\/es\/","name":"Wordpress Demo","description":"Rubbersan","publisher":{"@id":"https:\/\/www.rubbersan.com.tr\/es\/#organization"},"alternateName":"Wordpress Demo","potentialAction":[{"@type":"SearchAction","target":{"@type":"EntryPoint","urlTemplate":"https:\/\/www.rubbersan.com.tr\/es\/?s={search_term_string}"},"query-input":{"@type":"PropertyValueSpecification","valueRequired":true,"valueName":"search_term_string"}}],"inLanguage":"es"},{"@type":"Organization","@id":"https:\/\/www.rubbersan.com.tr\/es\/#organization","name":"Wordpress Demo","alternateName":"Wordpress Demo","url":"https:\/\/www.rubbersan.com.tr\/es\/","logo":{"@type":"ImageObject","inLanguage":"es","@id":"https:\/\/www.rubbersan.com.tr\/es\/#\/schema\/logo\/image\/","url":"","contentUrl":"","caption":"Wordpress Demo"},"image":{"@id":"https:\/\/www.rubbersan.com.tr\/es\/#\/schema\/logo\/image\/"},"sameAs":["https:\/\/www.instagram.com\/cagmedya\/"]}]}},"_links":{"self":[{"href":"https:\/\/www.rubbersan.com.tr\/es\/wp-json\/wp\/v2\/pages\/2722","targetHints":{"allow":["GET"]}}],"collection":[{"href":"https:\/\/www.rubbersan.com.tr\/es\/wp-json\/wp\/v2\/pages"}],"about":[{"href":"https:\/\/www.rubbersan.com.tr\/es\/wp-json\/wp\/v2\/types\/page"}],"author":[{"embeddable":true,"href":"https:\/\/www.rubbersan.com.tr\/es\/wp-json\/wp\/v2\/users\/1"}],"replies":[{"embeddable":true,"href":"https:\/\/www.rubbersan.com.tr\/es\/wp-json\/wp\/v2\/comments?post=2722"}],"version-history":[{"count":0,"href":"https:\/\/www.rubbersan.com.tr\/es\/wp-json\/wp\/v2\/pages\/2722\/revisions"}],"wp:attachment":[{"href":"https:\/\/www.rubbersan.com.tr\/es\/wp-json\/wp\/v2\/media?parent=2722"}],"curies":[{"name":"wp","href":"https:\/\/api.w.org\/{rel}","templated":true}]}}